{"id":1936,"date":"2023-10-12T14:26:25","date_gmt":"2023-10-12T12:26:25","guid":{"rendered":"https:\/\/cms.pfst.hr\/?page_id=1936"},"modified":"2023-10-17T11:36:30","modified_gmt":"2023-10-17T09:36:30","slug":"fakultet","status":"publish","type":"page","link":"https:\/\/cms.pfst.hr\/index.php\/fakultet\/","title":{"rendered":"Fakultet"},"content":{"rendered":"\n<div class=\"wp-block-columns is-layout-flex wp-container-core-columns-layout-1 wp-block-columns-is-layout-flex\">\n<div class=\"wp-block-column is-layout-flow wp-block-column-is-layout-flow\" style=\"flex-basis:20%\">\n<figure class=\"wp-block-image size-full is-resized\"><img loading=\"lazy\" decoding=\"async\" width=\"256\" height=\"257\" src=\"https:\/\/cms.pfst.hr\/wp-content\/uploads\/2023\/10\/about_faculty.webp\" alt=\"\" class=\"wp-image-1938\" style=\"object-fit:cover;width:200px;height:200px\" srcset=\"https:\/\/cms.pfst.hr\/wp-content\/uploads\/2023\/10\/about_faculty.webp 256w, https:\/\/cms.pfst.hr\/wp-content\/uploads\/2023\/10\/about_faculty-150x150.webp 150w\" sizes=\"(max-width: 256px) 100vw, 256px\" \/><\/figure>\n<\/div>\n\n\n\n<div class=\"wp-block-column is-layout-flow wp-block-column-is-layout-flow\" style=\"flex-basis:80%\">\n<h4 class=\"wp-block-heading\">Rije\u010d Dekana<\/h4>\n\n\n\n<p>Pomorski fakultet u Splitu je osnovan 1959. godine. Djelovao je iz po\u010detka kao Visoka pomorska \u0161kola, a od 2004. djeluje kao Pomorski fakultet Sveu\u010dili\u0161ta u Splitu. Kroz svoj razvoj pro\u0161li smo put koji nije bio lak. Razvili smo nekoliko studija koji su postali prepoznatljivi na tr\u017ei\u0161tu rada kako u domovini, tako i u svijetu. Studenti Pomorske nautike, Brodostrojarstva i Pomorske elektrotehni\u010dke i informati\u010dke tehnologije su prepoznati stru\u010dnjaci koji danas relativno lako pronalaze posao na kopnu i na brodovima. U ovom podvigu nam poma\u017eu studenti koji njeguju ljubav prema moru, nastavnici koji imaju odgovaraju\u0107a znanstveno nastavna zvanja, ali i na\u0161i partneri iz Hrvatske i inozemstva koji regrutiraju na\u0161e studente.<a href=\"https:\/\/www.pfst.unist.hr\/fakultet\/rijec-dekana\"><strong> Pro\u010ditaj vi\u0161e&#8230;<\/strong><\/a><\/p>\n<\/div>\n<\/div>\n","protected":false},"excerpt":{"rendered":"<p>Rije\u010d Dekana Pomorski fakultet u Splitu je osnovan 1959. godine. Djelovao je iz po\u010detka kao Visoka pomorska \u0161kola, a od 2004. djeluje kao Pomorski fakultet Sveu\u010dili\u0161ta u Splitu. Kroz svoj razvoj pro\u0161li smo put koji nije bio lak. Razvili smo nekoliko studija koji su postali prepoznatljivi na tr\u017ei\u0161tu rada kako u domovini, tako i u [&hellip;]<\/p>\n","protected":false},"author":2,"featured_media":0,"parent":0,"menu_order":0,"comment_status":"closed","ping_status":"closed","template":"","meta":{"_acf_changed":false,"site-sidebar-layout":"default","site-content-layout":"","ast-site-content-layout":"default","site-content-style":"default","site-sidebar-style":"default","ast-global-header-display":"","ast-banner-title-visibility":"","ast-main-header-display":"","ast-hfb-above-header-display":"","ast-hfb-below-header-display":"","ast-hfb-mobile-header-display":"","site-post-title":"","ast-breadcrumbs-content":"","ast-featured-img":"","footer-sml-layout":"","theme-transparent-header-meta":"","adv-header-id-meta":"","stick-header-meta":"","header-above-stick-meta":"","header-main-stick-meta":"","header-below-stick-meta":"","astra-migrate-meta-layouts":"default","ast-page-background-enabled":"default","ast-page-background-meta":{"desktop":{"background-color":"var(--ast-global-color-4)","background-image":"","background-repeat":"repeat","background-position":"center center","background-size":"auto","background-attachment":"scroll","background-type":"","background-media":"","overlay-type":"","overlay-color":"","overlay-opacity":"","overlay-gradient":""},"tablet":{"background-color":"","background-image":"","background-repeat":"repeat","background-position":"center center","background-size":"auto","background-attachment":"scroll","background-type":"","background-media":"","overlay-type":"","overlay-color":"","overlay-opacity":"","overlay-gradient":""},"mobile":{"background-color":"","background-image":"","background-repeat":"repeat","background-position":"center center","background-size":"auto","background-attachment":"scroll","background-type":"","background-media":"","overlay-type":"","overlay-color":"","overlay-opacity":"","overlay-gradient":""}},"ast-content-background-meta":{"desktop":{"background-color":"var(--ast-global-color-5)","background-image":"","background-repeat":"repeat","background-position":"center center","background-size":"auto","background-attachment":"scroll","background-type":"","background-media":"","overlay-type":"","overlay-color":"","overlay-opacity":"","overlay-gradient":""},"tablet":{"background-color":"var(--ast-global-color-5)","background-image":"","background-repeat":"repeat","background-position":"center center","background-size":"auto","background-attachment":"scroll","background-type":"","background-media":"","overlay-type":"","overlay-color":"","overlay-opacity":"","overlay-gradient":""},"mobile":{"background-color":"var(--ast-global-color-5)","background-image":"","background-repeat":"repeat","background-position":"center center","background-size":"auto","background-attachment":"scroll","background-type":"","background-media":"","overlay-type":"","overlay-color":"","overlay-opacity":"","overlay-gradient":""}},"footnotes":""},"acf":[],"publishpress_future_action":{"enabled":false,"date":"2026-05-17 14:25:01","action":"change-status","newStatus":"draft","terms":[],"taxonomy":""},"publishpress_future_workflow_manual_trigger":{"enabledWorkflows":[]},"_links":{"self":[{"href":"https:\/\/cms.pfst.hr\/index.php\/wp-json\/wp\/v2\/pages\/1936"}],"collection":[{"href":"https:\/\/cms.pfst.hr\/index.php\/wp-json\/wp\/v2\/pages"}],"about":[{"href":"https:\/\/cms.pfst.hr\/index.php\/wp-json\/wp\/v2\/types\/page"}],"author":[{"embeddable":true,"href":"https:\/\/cms.pfst.hr\/index.php\/wp-json\/wp\/v2\/users\/2"}],"replies":[{"embeddable":true,"href":"https:\/\/cms.pfst.hr\/index.php\/wp-json\/wp\/v2\/comments?post=1936"}],"version-history":[{"count":5,"href":"https:\/\/cms.pfst.hr\/index.php\/wp-json\/wp\/v2\/pages\/1936\/revisions"}],"predecessor-version":[{"id":2037,"href":"https:\/\/cms.pfst.hr\/index.php\/wp-json\/wp\/v2\/pages\/1936\/revisions\/2037"}],"wp:attachment":[{"href":"https:\/\/cms.pfst.hr\/index.php\/wp-json\/wp\/v2\/media?parent=1936"}],"curies":[{"name":"wp","href":"https:\/\/api.w.org\/{rel}","templated":true}]}}