{"id":1943,"date":"2023-10-12T14:38:15","date_gmt":"2023-10-12T12:38:15","guid":{"rendered":"https:\/\/cms.pfst.hr\/?page_id=1943"},"modified":"2023-11-04T00:54:42","modified_gmt":"2023-11-03T22:54:42","slug":"opci-podaci-i-kontakt","status":"publish","type":"page","link":"https:\/\/cms.pfst.hr\/index.php\/fakultet\/opcenito\/opci-podaci-i-kontakt\/","title":{"rendered":"Op\u0107i podaci i kontakt"},"content":{"rendered":"\n<p><strong>Adresa sjedi\u0161ta:<\/strong> Ru\u0111era Bo\u0161kovi\u0107a 37, HR-21000 Split<\/p>\n\n\n\n<p><strong>OIB:<\/strong> 24624257529<\/p>\n\n\n\n<p><strong>IBAN:<\/strong> HR2324070001100059179<\/p>\n\n\n\n<p><strong>Telefon:<\/strong> +385 (0)21 619 399<\/p>\n\n\n\n<p><strong>Fax:<\/strong> +385 (0)21 619 499<\/p>\n\n\n\n<p><strong>E-mail:<\/strong> info@pfst.hr<\/p>\n\n\n\n<div class=\"wp-block-columns is-layout-flex wp-container-core-columns-layout-1 wp-block-columns-is-layout-flex\">\n<div class=\"wp-block-column is-layout-flow wp-block-column-is-layout-flow\" style=\"flex-basis:33.33%\">\n<h5 class=\"wp-block-heading\">Dekanat<\/h5>\n\n\n\n<p>Tel.: <a href=\"tel:+38521619402\">+385 (0)21 619-402<\/a><\/p>\n\n\n\n<p>E-mail: <a href=\"mailto:dekan@pfst.hr\">dekan@pfst.hr<\/a><\/p>\n<\/div>\n\n\n\n<div class=\"wp-block-column is-layout-flow wp-block-column-is-layout-flow\" style=\"flex-basis:33.33%\">\n<h5 class=\"wp-block-heading\">Tajni\u0161tvo<\/h5>\n\n\n\n<p>Tel.: <a href=\"tel:+38521619409\">+385 (0)21 619-409<\/a><\/p>\n\n\n\n<p>E-mail: <a href=\"mailto:tajnica@pfst.hr\">tajnica@pfst.hr<\/a><\/p>\n<\/div>\n\n\n\n<div class=\"wp-block-column is-layout-flow wp-block-column-is-layout-flow\" style=\"flex-basis:33.33%\">\n<h5 class=\"wp-block-heading\">Slu\u017eba za javnu nabavu<\/h5>\n\n\n\n<p>Tel.: <a href=\"tel:+38521619424\">+385 (0)21 619-424<\/a><\/p>\n\n\n\n<p>E-mail: <a href=\"mailto:kristina.sladojevic@pfst.hr\">kristina.sladojevic@pfst.hr<\/a><\/p>\n<\/div>\n<\/div>\n\n\n\n<div class=\"wp-block-columns is-layout-flex wp-container-core-columns-layout-2 wp-block-columns-is-layout-flex\">\n<div class=\"wp-block-column is-layout-flow wp-block-column-is-layout-flow\" style=\"flex-basis:33.33%\">\n<h5 class=\"wp-block-heading\">Financijsko \u2013 ra\u010dunovodstvena slu\u017eba<\/h5>\n\n\n\n<p>Tel.: <a href=\"tel:+38521619491\">+385 (0)21 619-491<\/a><\/p>\n\n\n\n<p>E-mail: <a href=\"mailto:ana.borzic@pfst.hr\">ana.borzic@pfst.hr<\/a><\/p>\n<\/div>\n\n\n\n<div class=\"wp-block-column is-layout-flow wp-block-column-is-layout-flow\" style=\"flex-basis:33.33%\">\n<h5 class=\"wp-block-heading\">Studentska slu\u017eba<\/h5>\n\n\n\n<p>Tel.: <a href=\"tel:+38521619415\">+385 (0)21 619-415<\/a> (prijediplomski)<\/p>\n\n\n\n<p>Tel.: <a href=\"tel:+38521619414\">+385 (0)21 619-414<\/a> (diplomski)<\/p>\n\n\n\n<p>E-mail: <a href=\"mailto:referada.prijediplomski@pfst.hr\">referada.prijediplomski@pfst.hr<\/a><\/p>\n\n\n\n<p>E-mail: <a href=\"mailto:referada.diplomski@pfst.hr\">referada.diplomski@pfst.hr<\/a><\/p>\n<\/div>\n\n\n\n<div class=\"wp-block-column is-layout-flow wp-block-column-is-layout-flow\" style=\"flex-basis:33.33%\">\n<h5 class=\"wp-block-heading\">Slu\u017eba za znanost, projekte i suradnju<\/h5>\n\n\n\n<p>Tel.: <a href=\"tel:+38521619495\">+385 (0)21 619-495<\/a><\/p>\n\n\n\n<p>E-mail: <a href=\"mailto:aleksandra.banic@pfst.hr\">aleksandra.banic@pfst.hr<\/a><\/p>\n<\/div>\n<\/div>\n","protected":false},"excerpt":{"rendered":"<p>Adresa sjedi\u0161ta: Ru\u0111era Bo\u0161kovi\u0107a 37, HR-21000 Split OIB: 24624257529 IBAN: HR2324070001100059179 Telefon: +385 (0)21 619 399 Fax: +385 (0)21 619 499 E-mail: info@pfst.hr Dekanat Tel.: +385 (0)21 619-402 E-mail: dekan@pfst.hr Tajni\u0161tvo Tel.: +385 (0)21 619-409 E-mail: tajnica@pfst.hr Slu\u017eba za javnu nabavu Tel.: +385 (0)21 619-424 E-mail: kristina.sladojevic@pfst.hr Financijsko \u2013 ra\u010dunovodstvena slu\u017eba Tel.: +385 (0)21 619-491 [&hellip;]<\/p>\n","protected":false},"author":2,"featured_media":0,"parent":1940,"menu_order":0,"comment_status":"closed","ping_status":"closed","template":"","meta":{"_acf_changed":false,"site-sidebar-layout":"default","site-content-layout":"","ast-site-content-layout":"default","site-content-style":"default","site-sidebar-style":"default","ast-global-header-display":"","ast-banner-title-visibility":"","ast-main-header-display":"","ast-hfb-above-header-display":"","ast-hfb-below-header-display":"","ast-hfb-mobile-header-display":"","site-post-title":"","ast-breadcrumbs-content":"","ast-featured-img":"","footer-sml-layout":"","theme-transparent-header-meta":"","adv-header-id-meta":"","stick-header-meta":"","header-above-stick-meta":"","header-main-stick-meta":"","header-below-stick-meta":"","astra-migrate-meta-layouts":"default","ast-page-background-enabled":"default","ast-page-background-meta":{"desktop":{"background-color":"var(--ast-global-color-4)","background-image":"","background-repeat":"repeat","background-position":"center center","background-size":"auto","background-attachment":"scroll","background-type":"","background-media":"","overlay-type":"","overlay-color":"","overlay-opacity":"","overlay-gradient":""},"tablet":{"background-color":"","background-image":"","background-repeat":"repeat","background-position":"center center","background-size":"auto","background-attachment":"scroll","background-type":"","background-media":"","overlay-type":"","overlay-color":"","overlay-opacity":"","overlay-gradient":""},"mobile":{"background-color":"","background-image":"","background-repeat":"repeat","background-position":"center center","background-size":"auto","background-attachment":"scroll","background-type":"","background-media":"","overlay-type":"","overlay-color":"","overlay-opacity":"","overlay-gradient":""}},"ast-content-background-meta":{"desktop":{"background-color":"var(--ast-global-color-5)","background-image":"","background-repeat":"repeat","background-position":"center center","background-size":"auto","background-attachment":"scroll","background-type":"","background-media":"","overlay-type":"","overlay-color":"","overlay-opacity":"","overlay-gradient":""},"tablet":{"background-color":"var(--ast-global-color-5)","background-image":"","background-repeat":"repeat","background-position":"center center","background-size":"auto","background-attachment":"scroll","background-type":"","background-media":"","overlay-type":"","overlay-color":"","overlay-opacity":"","overlay-gradient":""},"mobile":{"background-color":"var(--ast-global-color-5)","background-image":"","background-repeat":"repeat","background-position":"center center","background-size":"auto","background-attachment":"scroll","background-type":"","background-media":"","overlay-type":"","overlay-color":"","overlay-opacity":"","overlay-gradient":""}},"footnotes":""},"acf":[],"publishpress_future_action":{"enabled":false,"date":"2026-05-17 14:29:24","action":"change-status","newStatus":"draft","terms":[],"taxonomy":""},"publishpress_future_workflow_manual_trigger":{"enabledWorkflows":[]},"_links":{"self":[{"href":"https:\/\/cms.pfst.hr\/index.php\/wp-json\/wp\/v2\/pages\/1943"}],"collection":[{"href":"https:\/\/cms.pfst.hr\/index.php\/wp-json\/wp\/v2\/pages"}],"about":[{"href":"https:\/\/cms.pfst.hr\/index.php\/wp-json\/wp\/v2\/types\/page"}],"author":[{"embeddable":true,"href":"https:\/\/cms.pfst.hr\/index.php\/wp-json\/wp\/v2\/users\/2"}],"replies":[{"embeddable":true,"href":"https:\/\/cms.pfst.hr\/index.php\/wp-json\/wp\/v2\/comments?post=1943"}],"version-history":[{"count":7,"href":"https:\/\/cms.pfst.hr\/index.php\/wp-json\/wp\/v2\/pages\/1943\/revisions"}],"predecessor-version":[{"id":2147,"href":"https:\/\/cms.pfst.hr\/index.php\/wp-json\/wp\/v2\/pages\/1943\/revisions\/2147"}],"up":[{"embeddable":true,"href":"https:\/\/cms.pfst.hr\/index.php\/wp-json\/wp\/v2\/pages\/1940"}],"wp:attachment":[{"href":"https:\/\/cms.pfst.hr\/index.php\/wp-json\/wp\/v2\/media?parent=1943"}],"curies":[{"name":"wp","href":"https:\/\/api.w.org\/{rel}","templated":true}]}}