{"id":1966,"date":"2023-10-12T14:49:34","date_gmt":"2023-10-12T12:49:34","guid":{"rendered":"https:\/\/cms.pfst.hr\/?page_id=1966"},"modified":"2023-10-12T14:49:34","modified_gmt":"2023-10-12T12:49:34","slug":"fakultetsko-vijece","status":"publish","type":"page","link":"https:\/\/cms.pfst.hr\/index.php\/fakultet\/opcenito\/ustroj\/fakultetsko-vijece\/","title":{"rendered":"Fakultetsko vije\u0107e"},"content":{"rendered":"\n<figure class=\"wp-block-table\"><table><thead><tr><th>Titula<\/th><th>Ime i Prezime<\/th><th>Zvanje<\/th><\/tr><\/thead><tbody><tr><th>dr. sc.<\/th><td>Zlatan Kulenovi\u0107<\/td><td>redoviti profesor trajno zv.<\/td><\/tr><tr><th>dr. sc.<\/th><td>Nenad Vuli\u0107<\/td><td>redoviti profesor trajno zv.<\/td><\/tr><tr><th>dr. sc.<\/th><td>Danko Kezi\u0107<\/td><td>redoviti profesor trajno zv.<\/td><\/tr><tr><th>dr. sc.<\/th><td>Ranka Petrinovi\u0107<\/td><td>redoviti profesor trajno zv.<\/td><\/tr><tr><th>dr. sc.<\/th><td>Jo\u0161ko Dvornik<\/td><td>redoviti profesor trajno zv.<\/td><\/tr><tr><th>dr. sc.<\/th><td>Mila Nadrljanski<\/td><td>redoviti profesor trajno zv.<\/td><\/tr><tr><th>dr. sc.<\/th><td>Nikola Ra\u010di\u0107<\/td><td>redoviti profesor<\/td><\/tr><tr><th>dr. sc.<\/th><td>Pero Vidan<\/td><td>redoviti profesor<\/td><\/tr><tr><th>dr. sc.<\/th><td>Gorana Jeli\u0107 Mr\u010deli\u0107<\/td><td>redoviti profesor<\/td><\/tr><tr><th>dr. sc.<\/th><td>Merica Sli\u0161kovi\u0107<\/td><td>redoviti profesor<\/td><\/tr><tr><th>dr. sc.<\/th><td>Liane Roldo<\/td><td>redoviti profesor<\/td><\/tr><tr><th>dr. sc.<\/th><td>Anita Gudelj<\/td><td>redoviti profesor<\/td><\/tr><tr><th>dr. sc.<\/th><td>Zvonimir Lu\u0161i\u0107<\/td><td>redoviti profesor<\/td><\/tr><tr><th>dr. sc.<\/th><td>Tatjana Stanivuk<\/td><td>redoviti profesor<\/td><\/tr><tr><th>dr. sc.<\/th><td>Igor Vujovi\u0107<\/td><td>redoviti profesor<\/td><\/tr><tr><th>dr. sc.<\/th><td>Mislav Lozovina<\/td><td>izvanredni profesor<\/td><\/tr><tr><th>dr. sc.<\/th><td>Andrea Russo<\/td><td>izvanredni profesor<\/td><\/tr><tr><th>dr. sc.<\/th><td>Jo\u0161ko \u0160oda<\/td><td>izvanredni profesor<\/td><\/tr><tr><th>dr. sc.<\/th><td>Ivan Peronja<\/td><td>izvanredni profesor<\/td><\/tr><tr><th>dr. sc.<\/th><td>Nikola Mandi\u0107<\/td><td>izvanredni profesor<\/td><\/tr><tr><th>dr. sc.<\/th><td>Ivica Pavi\u0107<\/td><td>izvanredni profesor<\/td><\/tr><tr><th>dr. sc.<\/th><td>Tina Peri\u0107<\/td><td>izvanredni profesor<\/td><\/tr><tr><th>dr. sc.<\/th><td>Rino Bo\u0161njak<\/td><td>izvanredni profesor<\/td><\/tr><tr><th>dr. sc.<\/th><td>Petar Mati\u0107<\/td><td>izvanredni profesor<\/td><\/tr><tr><th>dr. sc.<\/th><td>Hrvoje Dodig<\/td><td>izvanredni profesor<\/td><\/tr><tr><th>dr. sc.<\/th><td>Zdeslav Juri\u0107<\/td><td>docent<\/td><\/tr><tr><th>dr. sc.<\/th><td>Veljko Plazibat<\/td><td>docent<\/td><\/tr><tr><th>dr. sc.<\/th><td>Eli Maru\u0161i\u0107<\/td><td>docent<\/td><\/tr><tr><th>dr. sc.<\/th><td>Dario Medi\u0107<\/td><td>docent<\/td><\/tr><tr><th>dr. sc.<\/th><td>Mira Pavlinovi\u0107<\/td><td>docent<\/td><\/tr><tr><th>dr. sc.<\/th><td>\u0110or\u0111e Dobrota<\/td><td>docent<\/td><\/tr><tr><th>dr. sc.<\/th><td>Marko Katalini\u0107<\/td><td>docent<\/td><\/tr><tr><th>dr. sc.<\/th><td>Lea Vojkovi\u0107<\/td><td>docent<\/td><\/tr><tr><th>dr. sc.<\/th><td>Luka Vuki\u0107<\/td><td>docent<\/td><\/tr><tr><th>dr. sc.<\/th><td>Luka Pezelj<\/td><td>docent<\/td><\/tr><tr><th>dr. sc.<\/th><td>Ivica Skoko<\/td><td>docent<\/td><\/tr><tr><th>dr. sc.<\/th><td>Mario Filipovi\u0107<\/td><td>docent<\/td><\/tr><tr><th>dr. sc.<\/th><td>Francisko Luk\u0161a<\/td><td>docent<\/td><\/tr><tr><th>dr. sc.<\/th><td>Branko Lali\u0107<\/td><td>docent<\/td><\/tr><tr><th>dr. sc.<\/th><td>Dean Sumi\u0107<\/td><td>docent<\/td><\/tr><tr><th>dr. sc.<\/th><td>Ivana Golub Medve\u0161ek<\/td><td>docent<\/td><\/tr><tr><th>dr. sc.<\/th><td>Jak\u0161a Mi\u0161kovi\u0107<\/td><td>docent<\/td><\/tr><tr><th>dr. sc.<\/th><td>Zaloa Sanchez Varela<\/td><td>docent<\/td><\/tr><tr><th>dr. sc.<\/th><td>Mario Bakota<\/td><td>docent<\/td><\/tr><tr><th>dr. sc.<\/th><td>Andro Bakica<\/td><td>docent<\/td><\/tr><tr><th>dr. sc.<\/th><td>Mirko \u010cori\u0107<\/td><td>docent<\/td><\/tr><tr><th>dr. sc.<\/th><td>Zlatko Kljaji\u0107<\/td><td>docent<\/td><\/tr><tr><th>dr. sc.<\/th><td>Ivan Pavi\u0107<\/td><td>docent<\/td><\/tr><tr><th><\/th><td>Jelena \u017dani\u0107 Mikuli\u010di\u0107<\/td><td>predava\u010d<\/td><\/tr><tr><th><\/th><td>Marina Lau\u0161i\u0107<\/td><td>predava\u010d<\/td><\/tr><tr><th><\/th><td>Petra Jakulica<\/td><td>asistent<\/td><\/tr><tr><th><\/th><td>Miro Petkovi\u0107<\/td><td>asistent<\/td><\/tr><tr><th><\/th><td>Toni Me\u0161trovi\u0107<\/td><td>asistent<\/td><\/tr><tr><th><\/th><td>Helena Uki\u0107 Boljat<\/td><td>asistent<\/td><\/tr><tr><th><\/th><td>Dijana Kozomara<\/td><td>predstavnik ostalih zaposlenika<\/td><\/tr><tr><th><\/th><td>Matea \u0160eri\u0107<\/td><td>student<\/td><\/tr><tr><th><\/th><td>Toni Ga\u0161par<\/td><td>student<\/td><\/tr><tr><th><\/th><td>Luka Tomi\u0107<\/td><td>student<\/td><\/tr><tr><th><\/th><td>Marin Golem<\/td><td>student<\/td><\/tr><tr><th><\/th><td>Roko Glavinovi\u0107<\/td><td>student<\/td><\/tr><tr><th><\/th><td>Karlo Bili\u0107<\/td><td>student<\/td><\/tr><\/tbody><\/table><\/figure>\n","protected":false},"excerpt":{"rendered":"<p>Titula Ime i Prezime Zvanje dr. sc. Zlatan Kulenovi\u0107 redoviti profesor trajno zv. dr. sc. Nenad Vuli\u0107 redoviti profesor trajno zv. dr. sc. Danko Kezi\u0107 redoviti profesor trajno zv. dr. sc. Ranka Petrinovi\u0107 redoviti profesor trajno zv. dr. sc. Jo\u0161ko Dvornik redoviti profesor trajno zv. dr. sc. Mila Nadrljanski redoviti profesor trajno zv. dr. sc. [&hellip;]<\/p>\n","protected":false},"author":2,"featured_media":0,"parent":1946,"menu_order":0,"comment_status":"closed","ping_status":"closed","template":"","meta":{"_acf_changed":false,"site-sidebar-layout":"default","site-content-layout":"","ast-site-content-layout":"default","site-content-style":"default","site-sidebar-style":"default","ast-global-header-display":"","ast-banner-title-visibility":"","ast-main-header-display":"","ast-hfb-above-header-display":"","ast-hfb-below-header-display":"","ast-hfb-mobile-header-display":"","site-post-title":"","ast-breadcrumbs-content":"","ast-featured-img":"","footer-sml-layout":"","theme-transparent-header-meta":"","adv-header-id-meta":"","stick-header-meta":"","header-above-stick-meta":"","header-main-stick-meta":"","header-below-stick-meta":"","astra-migrate-meta-layouts":"default","ast-page-background-enabled":"default","ast-page-background-meta":{"desktop":{"background-color":"var(--ast-global-color-4)","background-image":"","background-repeat":"repeat","background-position":"center center","background-size":"auto","background-attachment":"scroll","background-type":"","background-media":"","overlay-type":"","overlay-color":"","overlay-opacity":"","overlay-gradient":""},"tablet":{"background-color":"","background-image":"","background-repeat":"repeat","background-position":"center center","background-size":"auto","background-attachment":"scroll","background-type":"","background-media":"","overlay-type":"","overlay-color":"","overlay-opacity":"","overlay-gradient":""},"mobile":{"background-color":"","background-image":"","background-repeat":"repeat","background-position":"center center","background-size":"auto","background-attachment":"scroll","background-type":"","background-media":"","overlay-type":"","overlay-color":"","overlay-opacity":"","overlay-gradient":""}},"ast-content-background-meta":{"desktop":{"background-color":"var(--ast-global-color-5)","background-image":"","background-repeat":"repeat","background-position":"center center","background-size":"auto","background-attachment":"scroll","background-type":"","background-media":"","overlay-type":"","overlay-color":"","overlay-opacity":"","overlay-gradient":""},"tablet":{"background-color":"var(--ast-global-color-5)","background-image":"","background-repeat":"repeat","background-position":"center center","background-size":"auto","background-attachment":"scroll","background-type":"","background-media":"","overlay-type":"","overlay-color":"","overlay-opacity":"","overlay-gradient":""},"mobile":{"background-color":"var(--ast-global-color-5)","background-image":"","background-repeat":"repeat","background-position":"center center","background-size":"auto","background-attachment":"scroll","background-type":"","background-media":"","overlay-type":"","overlay-color":"","overlay-opacity":"","overlay-gradient":""}},"footnotes":""},"acf":[],"publishpress_future_action":{"enabled":false,"date":"2026-05-17 14:33:53","action":"change-status","newStatus":"draft","terms":[],"taxonomy":""},"publishpress_future_workflow_manual_trigger":{"enabledWorkflows":[]},"_links":{"self":[{"href":"https:\/\/cms.pfst.hr\/index.php\/wp-json\/wp\/v2\/pages\/1966"}],"collection":[{"href":"https:\/\/cms.pfst.hr\/index.php\/wp-json\/wp\/v2\/pages"}],"about":[{"href":"https:\/\/cms.pfst.hr\/index.php\/wp-json\/wp\/v2\/types\/page"}],"author":[{"embeddable":true,"href":"https:\/\/cms.pfst.hr\/index.php\/wp-json\/wp\/v2\/users\/2"}],"replies":[{"embeddable":true,"href":"https:\/\/cms.pfst.hr\/index.php\/wp-json\/wp\/v2\/comments?post=1966"}],"version-history":[{"count":1,"href":"https:\/\/cms.pfst.hr\/index.php\/wp-json\/wp\/v2\/pages\/1966\/revisions"}],"predecessor-version":[{"id":1968,"href":"https:\/\/cms.pfst.hr\/index.php\/wp-json\/wp\/v2\/pages\/1966\/revisions\/1968"}],"up":[{"embeddable":true,"href":"https:\/\/cms.pfst.hr\/index.php\/wp-json\/wp\/v2\/pages\/1946"}],"wp:attachment":[{"href":"https:\/\/cms.pfst.hr\/index.php\/wp-json\/wp\/v2\/media?parent=1966"}],"curies":[{"name":"wp","href":"https:\/\/api.w.org\/{rel}","templated":true}]}}