{"id":1969,"date":"2023-10-12T14:53:13","date_gmt":"2023-10-12T12:53:13","guid":{"rendered":"https:\/\/cms.pfst.hr\/?page_id=1969"},"modified":"2023-10-13T11:59:30","modified_gmt":"2023-10-13T09:59:30","slug":"zavodi-katedre-i-studiji","status":"publish","type":"page","link":"https:\/\/cms.pfst.hr\/index.php\/fakultet\/opcenito\/ustroj\/zavodi-katedre-i-studiji\/","title":{"rendered":"Zavodi, katedre i studiji"},"content":{"rendered":"\n<div class=\"wp-block-group accordion is-layout-constrained wp-block-group-is-layout-constrained\">\n<p>Zavod za pomorsku nautiku<\/p>\n\n\n\n<figure class=\"wp-block-table\"><table><thead><tr><th>Funkcija<\/th><th>Titula<\/th><th>Ime i Prezime<\/th><th>E-mail<\/th><th>Ured<\/th><\/tr><\/thead><tbody><tr><th>Predstojnik<\/th><td>dr. sc.<\/td><td>Zvonimir Lu\u0161i\u0107<\/td><td><a href=\"mailto:zlusic@pfst.hr\">zlusic@pfst.hr<\/a><\/td><td>410<\/td><\/tr><tr><th>Voditelj studija<\/th><td>dr. sc.<\/td><td>Zaloa Sanchez Varela<\/td><td><a href=\"mailto:zsanchezv@pfst.hr\">zsanchezv@pfst.hr<\/a><\/td><td>411<\/td><\/tr><tr><th><\/th><td>dr. sc.<\/td><td>Pero Vidan<\/td><td><a href=\"mailto:pvidan@pfst.hr\">pvidan@pfst.hr<\/a><\/td><td>203 \/ 409<\/td><\/tr><tr><th><\/th><td>dr. sc.<\/td><td>Ivica Pavi\u0107<\/td><td><a href=\"mailto:ipavic71@pfst.hr\">ipavic71@pfst.hr<\/a><\/td><td>314<\/td><\/tr><tr><th><\/th><td>dr. sc.<\/td><td>Rino Bo\u0161njak<\/td><td><a href=\"mailto:rinobo25@pfst.hr\">rinobo25@pfst.hr<\/a><\/td><td>408<\/td><\/tr><tr><th><\/th><td>dr. sc.<\/td><td>Lea Vojkovi\u0107<\/td><td><a href=\"mailto:lvojkovic@pfst.hr\">lvojkovic@pfst.hr<\/a><\/td><td>310<\/td><\/tr><tr><th><\/th><td>dr. sc.<\/td><td>Dario Medi\u0107<\/td><td><a href=\"mailto:dmedic@pfst.hr\">dmedic@pfst.hr<\/a><\/td><td>429<\/td><\/tr><tr><th><\/th><td>dr. sc.<\/td><td>Dean Sumi\u0107<\/td><td><a href=\"mailto:suma@pfst.hr\">suma@pfst.hr<\/a><\/td><td>419<\/td><\/tr><tr><th><\/th><td>dr. sc.<\/td><td>Ivica Skoko<\/td><td><a href=\"mailto:iskoko@pfst.hr\">iskoko@pfst.hr<\/a><\/td><td>411<\/td><\/tr><tr><th><\/th><td>dr. sc.<\/td><td>Jak\u0161a Mi\u0161kovi\u0107<\/td><td><a href=\"mailto:jmiskov2@pfst.hr\">jmiskov2@pfst.hr<\/a><\/td><td>107<\/td><\/tr><tr><th><\/th><td>dr. sc.<\/td><td>Mario Bakota<\/td><td><a href=\"mailto:mbakota@pfst.hr\">mbakota@pfst.hr<\/a><\/td><td>408<\/td><\/tr><tr><th><\/th><td><\/td><td>Marijan Zuji\u0107<\/td><td><a href=\"mailto:mzujic@pfst.hr\">mzujic@pfst.hr<\/a><\/td><td>429<\/td><\/tr><tr><th><\/th><td><\/td><td>Stipe Gali\u0107<\/td><td><a href=\"mailto:sgalic@pfst.hr\">sgalic@pfst.hr<\/a><\/td><td>426<\/td><\/tr><tr><th><\/th><td><\/td><td>Pa\u0161ko Ivan\u010di\u0107<\/td><td><a href=\"mailto:pivancic@pfst.hr\">pivancic@pfst.hr<\/a><\/td><td>425<\/td><\/tr><tr><th><\/th><td><\/td><td>Zoran Mikeli\u0107<\/td><td><a href=\"mailto:zmikelic@pfst.hr\">zmikelic@pfst.hr<\/a><\/td><td>426<\/td><\/tr><tr><th><\/th><td><\/td><td>Danijel Pu\u0161i\u0107<\/td><td><a href=\"mailto:dpusic@pfst.hr\">dpusic@pfst.hr<\/a><\/td><td>607<\/td><\/tr><tr><th><\/th><td><\/td><td>Sr\u0111an Vuk\u0161a<\/td><td><a href=\"mailto:svuksa@pfst.hr\">svuksa@pfst.hr<\/a><\/td><td>109<\/td><\/tr><tr><th><\/th><td><\/td><td>Toni Me\u0161trovi\u0107<\/td><td><a href=\"mailto:tmestrovi@pfst.hr\">tmestrovi@pfst.hr<\/a><\/td><td>307<\/td><\/tr><tr><th><\/th><td><\/td><td>Filip Boji\u0107<\/td><td><a href=\"mailto:fbojic@pfst.hr\">fbojic@pfst.hr<\/a><\/td><td>307<\/td><\/tr><tr><th><\/th><td><\/td><td>Zlatko Boko<\/td><td><a href=\"mailto:zboko@pfst.hr\">zboko@pfst.hr<\/a><\/td><td>607<\/td><\/tr><\/tbody><\/table><\/figure>\n<\/div>\n\n\n\n<div class=\"wp-block-group accordion is-layout-constrained wp-block-group-is-layout-constrained\">\n<p>Zavod za brodostrojarstvo<\/p>\n\n\n\n<figure class=\"wp-block-table\"><table><thead><tr><th>Funkcija<\/th><th>Titula<\/th><th>Ime i Prezime<\/th><th>E-mail<\/th><th>Ured<\/th><\/tr><\/thead><tbody><tr><th>Predstojnik<\/th><td>dr. sc.<\/td><td>Nikola Ra\u010di\u0107<\/td><td><a href=\"mailto:nikola@pfst.hr\">nikola@pfst.hr<\/a><\/td><td>404<\/td><\/tr><tr><th>Voditelj studija<\/th><td>dr. sc.<\/td><td>Zdeslav Juri\u0107<\/td><td><a href=\"mailto:zjuric@pfst.hr\">zjuric@pfst.hr<\/a><\/td><td>406<\/td><\/tr><tr><th><\/th><td>dr. sc.<\/td><td>Zlatan Kulenovi\u0107<\/td><td><a href=\"mailto:zlatan@pfst.hr\">zlatan@pfst.hr<\/a><\/td><td>401<\/td><\/tr><tr><th><\/th><td>dr. sc.<\/td><td>Nenad Vuli\u0107<\/td><td><a href=\"mailto:nvulic1@pfst.hr\">nvulic1@pfst.hr<\/a><\/td><td>402<\/td><\/tr><tr><th><\/th><td>dr. sc.<\/td><td>Jo\u0161ko Dvornik<\/td><td><a href=\"mailto:josko@pfst.hr\">josko@pfst.hr<\/a><\/td><td>403<\/td><\/tr><tr><th><\/th><td>dr. sc.<\/td><td>Liane Roldo<\/td><td><a href=\"mailto:lroldo@pfst.hr\">lroldo@pfst.hr<\/a><\/td><td>405<\/td><\/tr><tr><th><\/th><td>dr. sc.<\/td><td>Tina Peri\u0107<\/td><td><a href=\"mailto:tperic@pfst.hr\">tperic@pfst.hr<\/a><\/td><td>428<\/td><\/tr><tr><th><\/th><td>dr. sc.<\/td><td>\u0110or\u0111e Dobrota<\/td><td><a href=\"mailto:ddobrota@pfst.hr\">ddobrota@pfst.hr<\/a><\/td><td>503<\/td><\/tr><tr><th><\/th><td>dr. sc.<\/td><td>Marko Katalini\u0107<\/td><td><a href=\"mailto:mkatalin@pfst.hr\">mkatalin@pfst.hr<\/a><\/td><td>208 \/ 412<\/td><\/tr><tr><th><\/th><td>dr. sc.<\/td><td>Tomislav Batur<\/td><td><a href=\"mailto:tbatur@pfst.hr\">tbatur@pfst.hr<\/a><\/td><td>310<\/td><\/tr><tr><th><\/th><td>dr. sc.<\/td><td>Branko Lali\u0107<\/td><td><a href=\"mailto:blalic@pfst.hr\">blalic@pfst.hr<\/a><\/td><td>407<\/td><\/tr><tr><th><\/th><td>dr. sc.<\/td><td>Francisko Luk\u0161a<\/td><td><a href=\"mailto:fluksa1@pfst.hr\">fluksa1@pfst.hr<\/a><\/td><td>412<\/td><\/tr><tr><th><\/th><td>dr. sc.<\/td><td>Andro Bakica<\/td><td><a href=\"mailto:abakica@pfst.hr\">abakica@pfst.hr<\/a><\/td><td>412<\/td><\/tr><tr><th><\/th><td><\/td><td>Sr\u0111an Dvornik<\/td><td><a href=\"mailto:sdvornik@pfst.hr\">sdvornik@pfst.hr<\/a><\/td><td>425<\/td><\/tr><tr><th><\/th><td><\/td><td>Ladislav Stazi\u0107<\/td><td><a href=\"mailto:lstazic@pfst.hr\">lstazic@pfst.hr<\/a><\/td><td>407<\/td><\/tr><tr><th><\/th><td><\/td><td>Karlo Brati\u0107<\/td><td><a href=\"mailto:kbratic@pfst.hr\">kbratic@pfst.hr<\/a><\/td><td>427<\/td><\/tr><tr><th><\/th><td><\/td><td>Igor Pavlovi\u0107<\/td><td><a href=\"mailto:ipavlovic@pfst.hr\">ipavlovic@pfst.hr<\/a><\/td><td>427<\/td><\/tr><tr><th><\/th><td><\/td><td>Ante \u010cali\u0107<\/td><td><a href=\"mailto:acalic@pfst.hr\">acalic@pfst.hr<\/a><\/td><td>406<\/td><\/tr><\/tbody><\/table><\/figure>\n<\/div>\n","protected":false},"excerpt":{"rendered":"<p>Zavod za pomorsku nautiku Funkcija Titula Ime i Prezime E-mail Ured Predstojnik dr. sc. Zvonimir Lu\u0161i\u0107 zlusic@pfst.hr 410 Voditelj studija dr. sc. Zaloa Sanchez Varela zsanchezv@pfst.hr 411 dr. sc. Pero Vidan pvidan@pfst.hr 203 \/ 409 dr. sc. Ivica Pavi\u0107 ipavic71@pfst.hr 314 dr. sc. Rino Bo\u0161njak rinobo25@pfst.hr 408 dr. sc. Lea Vojkovi\u0107 lvojkovic@pfst.hr 310 dr. sc. [&hellip;]<\/p>\n","protected":false},"author":2,"featured_media":0,"parent":1946,"menu_order":0,"comment_status":"closed","ping_status":"closed","template":"","meta":{"_acf_changed":false,"site-sidebar-layout":"default","site-content-layout":"","ast-site-content-layout":"default","site-content-style":"default","site-sidebar-style":"default","ast-global-header-display":"","ast-banner-title-visibility":"","ast-main-header-display":"","ast-hfb-above-header-display":"","ast-hfb-below-header-display":"","ast-hfb-mobile-header-display":"","site-post-title":"","ast-breadcrumbs-content":"","ast-featured-img":"","footer-sml-layout":"","theme-transparent-header-meta":"","adv-header-id-meta":"","stick-header-meta":"","header-above-stick-meta":"","header-main-stick-meta":"","header-below-stick-meta":"","astra-migrate-meta-layouts":"default","ast-page-background-enabled":"default","ast-page-background-meta":{"desktop":{"background-color":"var(--ast-global-color-4)","background-image":"","background-repeat":"repeat","background-position":"center center","background-size":"auto","background-attachment":"scroll","background-type":"","background-media":"","overlay-type":"","overlay-color":"","overlay-opacity":"","overlay-gradient":""},"tablet":{"background-color":"","background-image":"","background-repeat":"repeat","background-position":"center center","background-size":"auto","background-attachment":"scroll","background-type":"","background-media":"","overlay-type":"","overlay-color":"","overlay-opacity":"","overlay-gradient":""},"mobile":{"background-color":"","background-image":"","background-repeat":"repeat","background-position":"center center","background-size":"auto","background-attachment":"scroll","background-type":"","background-media":"","overlay-type":"","overlay-color":"","overlay-opacity":"","overlay-gradient":""}},"ast-content-background-meta":{"desktop":{"background-color":"var(--ast-global-color-5)","background-image":"","background-repeat":"repeat","background-position":"center center","background-size":"auto","background-attachment":"scroll","background-type":"","background-media":"","overlay-type":"","overlay-color":"","overlay-opacity":"","overlay-gradient":""},"tablet":{"background-color":"var(--ast-global-color-5)","background-image":"","background-repeat":"repeat","background-position":"center center","background-size":"auto","background-attachment":"scroll","background-type":"","background-media":"","overlay-type":"","overlay-color":"","overlay-opacity":"","overlay-gradient":""},"mobile":{"background-color":"var(--ast-global-color-5)","background-image":"","background-repeat":"repeat","background-position":"center center","background-size":"auto","background-attachment":"scroll","background-type":"","background-media":"","overlay-type":"","overlay-color":"","overlay-opacity":"","overlay-gradient":""}},"footnotes":""},"acf":[],"publishpress_future_action":{"enabled":false,"date":"2026-05-17 14:35:51","action":"change-status","newStatus":"draft","terms":[],"taxonomy":""},"publishpress_future_workflow_manual_trigger":{"enabledWorkflows":[]},"_links":{"self":[{"href":"https:\/\/cms.pfst.hr\/index.php\/wp-json\/wp\/v2\/pages\/1969"}],"collection":[{"href":"https:\/\/cms.pfst.hr\/index.php\/wp-json\/wp\/v2\/pages"}],"about":[{"href":"https:\/\/cms.pfst.hr\/index.php\/wp-json\/wp\/v2\/types\/page"}],"author":[{"embeddable":true,"href":"https:\/\/cms.pfst.hr\/index.php\/wp-json\/wp\/v2\/users\/2"}],"replies":[{"embeddable":true,"href":"https:\/\/cms.pfst.hr\/index.php\/wp-json\/wp\/v2\/comments?post=1969"}],"version-history":[{"count":2,"href":"https:\/\/cms.pfst.hr\/index.php\/wp-json\/wp\/v2\/pages\/1969\/revisions"}],"predecessor-version":[{"id":2004,"href":"https:\/\/cms.pfst.hr\/index.php\/wp-json\/wp\/v2\/pages\/1969\/revisions\/2004"}],"up":[{"embeddable":true,"href":"https:\/\/cms.pfst.hr\/index.php\/wp-json\/wp\/v2\/pages\/1946"}],"wp:attachment":[{"href":"https:\/\/cms.pfst.hr\/index.php\/wp-json\/wp\/v2\/media?parent=1969"}],"curies":[{"name":"wp","href":"https:\/\/api.w.org\/{rel}","templated":true}]}}