{"id":2016,"date":"2023-10-16T14:26:52","date_gmt":"2023-10-16T12:26:52","guid":{"rendered":"https:\/\/cms.pfst.hr\/?page_id=2016"},"modified":"2023-10-16T23:47:12","modified_gmt":"2023-10-16T21:47:12","slug":"pravo-na-pristup-informacijama","status":"publish","type":"page","link":"https:\/\/cms.pfst.hr\/index.php\/fakultet\/opcenito\/pravo-na-pristup-informacijama\/","title":{"rendered":"Pravo na pristup informacijama"},"content":{"rendered":"\n<div class=\"wp-block-file\"><a id=\"wp-block-file--media-674561fa-fe21-4fd9-afb4-379050047257\" href=\"https:\/\/cms.pfst.hr\/wp-content\/uploads\/2023\/10\/PFST-Odluka-Ustrojavanje-Kataloga-informacija.pdf\">Odluka o ustrojavanju Kataloga informacija<\/a><a href=\"https:\/\/cms.pfst.hr\/wp-content\/uploads\/2023\/10\/PFST-Odluka-Ustrojavanje-Kataloga-informacija.pdf\" class=\"wp-block-file__button wp-element-button\" download aria-describedby=\"wp-block-file--media-674561fa-fe21-4fd9-afb4-379050047257\">Download<\/a><\/div>\n\n\n\n<div class=\"wp-block-file\"><a id=\"wp-block-file--media-1f752a1d-007e-4b20-8bd7-478098d452c7\" href=\"https:\/\/cms.pfst.hr\/wp-content\/uploads\/2023\/10\/PFST-Katalog-informacija.pdf\">Katalog informacija<\/a><a href=\"https:\/\/cms.pfst.hr\/wp-content\/uploads\/2023\/10\/PFST-Katalog-informacija.pdf\" class=\"wp-block-file__button wp-element-button\" download aria-describedby=\"wp-block-file--media-1f752a1d-007e-4b20-8bd7-478098d452c7\">Download<\/a><\/div>\n\n\n\n<h4 class=\"wp-block-heading\">Pristup informacijama:<\/h4>\n\n\n\n<p>Pravo na pristup informacijama koje posjeduje Pomorski fakultetu Splitu ure\u0111eno je Zakonom o pravu na pristup informacijama (NN broj 25\/13, NN broj 85\/15). Zakon daje svim doma\u0107im i stranim fizi\u010dkim i pravnim osobama, na jednak na\u010din i pod jednakim uvjetima pravo na pristup informacijama. Zakonom se propisuju na\u010dela prava na pristup informacijama i ponovnu uporabu informacija, ograni\u010denja prava na pristup informacijama i ponovnu uporabu informacija, postupak za ostvarivanje i za\u0161titu prava na pristup informacijama i ponovnu uporabu informacija.<\/p>\n\n\n\n<p>Zahtjev za ostvarivanje prava na pristup informacijama i ponovnu uporabu informacija mo\u017eete podnijeti slu\u017ebeniku za informiranje Pomorskog fakulteta u Splitu, i to:<\/p>\n\n\n\n<ul>\n<li>putem po\u0161te s naznakom &#8220;Zahtjev za pristup informacijama&#8221; ili donijeti osobno u pisarnicu<\/li>\n\n\n\n<li>na adresu Pomorski fakultet, Ru\u0111era Bo\u0161kovi\u0107a 37, 21000 Split , od 8 do 16 sati<\/li>\n\n\n\n<li>putem elektroni\u010dke po\u0161te na adresu: <a href=\"mailto:info@pfst.hr\">info@pfst.hr<\/a><\/li>\n\n\n\n<li>telefonom na broj: 021\/619-409<\/li>\n<\/ul>\n\n\n\n<h5 class=\"wp-block-heading\">Pisani zahtjev mora sadr\u017eavati:<\/h5>\n\n\n\n<ul>\n<li>naziv i sjedi\u0161te tijela javne vlasti kojem se zahtjev podnosi<\/li>\n\n\n\n<li>podatke koji su va\u017eni za prepoznavanje tra\u017eene informacije<\/li>\n\n\n\n<li>ime, prezime i adresu fizi\u010dke osobe podnositelja zahtjeva<\/li>\n\n\n\n<li>tvrtku, odnosno naziv pravne osobe podnositelja zahtjeva i njezino sjedi\u0161te<\/li>\n\n\n\n<li>podnositelj zahtjeva nije obvezan navesti razloge zbog kojih tra\u017ei pristup informaciji, niti je obvezan pozvati se na primjenu ovog Zakona.<\/li>\n<\/ul>\n\n\n\n<p>Na pristup informacijama u postupcima pred tijelima javne vlasti ne pla\u0107aju se upravne i sudske pristojbe. Pomorski fakultet u Splitu ima pravo na naknadu stvarnih materijalnih tro\u0161kova koji nastanu pru\u017eanjem informacije korisniku prava na pristup informacijama i ponovnu uporabu informacija, kao i na naknadu tro\u0161kova dostave tra\u017eene informacije, koja se napla\u0107uje sukladno Kriterijima za odre\u0111ivanje visine naknade stvarnih materijalnih tro\u0161kova i tro\u0161kova dostave informacije (NN broj 12\/14,NN broj 15\/14).<\/p>\n\n\n\n<div class=\"wp-block-group accordion is-layout-constrained wp-block-group-is-layout-constrained\">\n<p>Zakonodavni okvir<\/p>\n\n\n\n<p><a href=\"https:\/\/narodne-novine.nn.hr\/clanci\/sluzbeni\/2013_02_25_403.html\" data-type=\"link\" data-id=\"https:\/\/narodne-novine.nn.hr\/clanci\/sluzbeni\/2013_02_25_403.html\">Zakon o pravu na pristup informacijama (NN 25\/2013)<\/a><\/p>\n\n\n\n<p><a href=\"https:\/\/narodne-novine.nn.hr\/clanci\/sluzbeni\/2015_08_85_1649.html\">Zakon o izmjenama i dopunama Zakona o pravu na pristup informacijama (NN 85\/2015)<\/a><\/p>\n\n\n\n<p><a href=\"https:\/\/narodne-novine.nn.hr\/clanci\/sluzbeni\/2022_06_69_1025.html\" data-type=\"link\" data-id=\"https:\/\/narodne-novine.nn.hr\/clanci\/sluzbeni\/2022_06_69_1025.html\">Zakon o izmjenama i dopunama Zakona o pravu na pristup informacijama (NN 69\/2022)<\/a><\/p>\n<\/div>\n\n\n\n<p><\/p>\n","protected":false},"excerpt":{"rendered":"<p>Pristup informacijama: Pravo na pristup informacijama koje posjeduje Pomorski fakultetu Splitu ure\u0111eno je Zakonom o pravu na pristup informacijama (NN broj 25\/13, NN broj 85\/15). Zakon daje svim doma\u0107im i stranim fizi\u010dkim i pravnim osobama, na jednak na\u010din i pod jednakim uvjetima pravo na pristup informacijama. Zakonom se propisuju na\u010dela prava na pristup informacijama i [&hellip;]<\/p>\n","protected":false},"author":2,"featured_media":0,"parent":1940,"menu_order":0,"comment_status":"closed","ping_status":"closed","template":"","meta":{"_acf_changed":false,"site-sidebar-layout":"default","site-content-layout":"","ast-site-content-layout":"default","site-content-style":"default","site-sidebar-style":"default","ast-global-header-display":"","ast-banner-title-visibility":"","ast-main-header-display":"","ast-hfb-above-header-display":"","ast-hfb-below-header-display":"","ast-hfb-mobile-header-display":"","site-post-title":"","ast-breadcrumbs-content":"","ast-featured-img":"","footer-sml-layout":"","theme-transparent-header-meta":"","adv-header-id-meta":"","stick-header-meta":"","header-above-stick-meta":"","header-main-stick-meta":"","header-below-stick-meta":"","astra-migrate-meta-layouts":"default","ast-page-background-enabled":"default","ast-page-background-meta":{"desktop":{"background-color":"var(--ast-global-color-4)","background-image":"","background-repeat":"repeat","background-position":"center center","background-size":"auto","background-attachment":"scroll","background-type":"","background-media":"","overlay-type":"","overlay-color":"","overlay-opacity":"","overlay-gradient":""},"tablet":{"background-color":"","background-image":"","background-repeat":"repeat","background-position":"center center","background-size":"auto","background-attachment":"scroll","background-type":"","background-media":"","overlay-type":"","overlay-color":"","overlay-opacity":"","overlay-gradient":""},"mobile":{"background-color":"","background-image":"","background-repeat":"repeat","background-position":"center center","background-size":"auto","background-attachment":"scroll","background-type":"","background-media":"","overlay-type":"","overlay-color":"","overlay-opacity":"","overlay-gradient":""}},"ast-content-background-meta":{"desktop":{"background-color":"var(--ast-global-color-5)","background-image":"","background-repeat":"repeat","background-position":"center center","background-size":"auto","background-attachment":"scroll","background-type":"","background-media":"","overlay-type":"","overlay-color":"","overlay-opacity":"","overlay-gradient":""},"tablet":{"background-color":"var(--ast-global-color-5)","background-image":"","background-repeat":"repeat","background-position":"center center","background-size":"auto","background-attachment":"scroll","background-type":"","background-media":"","overlay-type":"","overlay-color":"","overlay-opacity":"","overlay-gradient":""},"mobile":{"background-color":"var(--ast-global-color-5)","background-image":"","background-repeat":"repeat","background-position":"center center","background-size":"auto","background-attachment":"scroll","background-type":"","background-media":"","overlay-type":"","overlay-color":"","overlay-opacity":"","overlay-gradient":""}},"footnotes":""},"acf":[],"publishpress_future_action":{"enabled":false,"date":"2026-05-17 14:29:43","action":"change-status","newStatus":"draft","terms":[],"taxonomy":""},"publishpress_future_workflow_manual_trigger":{"enabledWorkflows":[]},"_links":{"self":[{"href":"https:\/\/cms.pfst.hr\/index.php\/wp-json\/wp\/v2\/pages\/2016"}],"collection":[{"href":"https:\/\/cms.pfst.hr\/index.php\/wp-json\/wp\/v2\/pages"}],"about":[{"href":"https:\/\/cms.pfst.hr\/index.php\/wp-json\/wp\/v2\/types\/page"}],"author":[{"embeddable":true,"href":"https:\/\/cms.pfst.hr\/index.php\/wp-json\/wp\/v2\/users\/2"}],"replies":[{"embeddable":true,"href":"https:\/\/cms.pfst.hr\/index.php\/wp-json\/wp\/v2\/comments?post=2016"}],"version-history":[{"count":6,"href":"https:\/\/cms.pfst.hr\/index.php\/wp-json\/wp\/v2\/pages\/2016\/revisions"}],"predecessor-version":[{"id":2032,"href":"https:\/\/cms.pfst.hr\/index.php\/wp-json\/wp\/v2\/pages\/2016\/revisions\/2032"}],"up":[{"embeddable":true,"href":"https:\/\/cms.pfst.hr\/index.php\/wp-json\/wp\/v2\/pages\/1940"}],"wp:attachment":[{"href":"https:\/\/cms.pfst.hr\/index.php\/wp-json\/wp\/v2\/media?parent=2016"}],"curies":[{"name":"wp","href":"https:\/\/api.w.org\/{rel}","templated":true}]}}