{"id":2110,"date":"2023-11-02T15:02:10","date_gmt":"2023-11-02T13:02:10","guid":{"rendered":"https:\/\/cms.pfst.hr\/?page_id=2110"},"modified":"2023-11-02T15:06:52","modified_gmt":"2023-11-02T13:06:52","slug":"suradnja","status":"publish","type":"page","link":"https:\/\/cms.pfst.hr\/index.php\/suradnja\/","title":{"rendered":"Suradnja"},"content":{"rendered":"\n<p>Pomorski fakultet u Splitu promovira razne oblike suradnje: uklju\u010divanja u me\u0111unarodne projekte, programe i asocijacije, a poseban naglasak se stavlja na me\u0111unarodnu mobilnost studenata, nastavnika, istra\u017eiva\u010da i osoblja kroz razne programe od kojih je najzna\u010dajniji Erasmus. Kroz program Erasmus ostvaruje sve bogatija razmjena studenata, tako da na\u0161i studenti imaju priliku vidjeti kako studiranje izgleda izvan Hrvatske,bilo kroz osobno iskustvo bilo preko stranih dolaznih studenta. Tako\u0111er ja\u010da razmjena stru\u010dnjaka i predava\u010da s drugim ustanovama. Pomorski fakultet u Splitu \u010dlan je Me\u0111unarodnog udru\u017eenja pomorskih sveu\u010dili\u0161ta (International Association of Maritime Universities &#8211; IAMU). Mo\u017eemo se pohvaliti i mnogobrojnim bilateralnim sporazumima s inozemnim i doma\u0107im ustanovama.<\/p>\n\n\n\n<div class=\"wp-block-group accordion is-layout-constrained wp-block-group-is-layout-constrained\">\n<p>Popis suradnih ustanova<\/p>\n\n\n\n<ul>\n<li><a href=\"https:\/\/gumrf.ru\/en\/\">Admiral Makarov State University of Maritime and Inland Shipping, St. Petersburg, Rusija<\/a><\/li>\n\n\n\n<li><a href=\"https:\/\/www.antipiros.com\/hr\">Antipiros d.o.o.<\/a><\/li>\n\n\n\n<li><a href=\"https:\/\/bntu.edu.ge\/en\/\">Batumi Navigation Teaching University, Gruzija<\/a><\/li>\n\n\n\n<li><a href=\"https:\/\/www.bureauveritas.hr\/\">Bureau Veritas Croatia d.o.o<\/a><\/li>\n\n\n\n<li><a href=\"https:\/\/www.cemex.hr\/\">CEMEX Hrvatska d.d.<\/a><\/li>\n\n\n\n<li><a href=\"https:\/\/www.cma-cgm.com\/\">CMA CGM S.A., Marseille, France<\/a><\/li>\n\n\n\n<li><a href=\"https:\/\/meteo.hr\/\">Dr\u017eavni hidrometeorolo\u0161ki zavod<\/a><\/li>\n\n\n\n<li><a href=\"https:\/\/www.efzg.unizg.hr\/\">Ekonomski fakultet Sveu\u010dili\u0161ta u Zagrebu<\/a><\/li>\n\n\n\n<li><a href=\"https:\/\/www.fpz.unizg.hr\/web\/naslovna\/novosti\">Fakultet prometnih znanosti Sveu\u010dili\u0161ta u Zagrebu<\/a><\/li>\n\n\n\n<li><a href=\"https:\/\/www.fpp.uni-lj.si\/\">Fakultet za promet i pomorstvo Sveu\u010dili\u0161ta u Ljubljani, Portoro\u017e, Slovenija<\/a><\/li>\n\n\n\n<li><a href=\"https:\/\/www.hhi.hr\/\">Hrvatski hidrografski institut, Split<\/a><\/li>\n\n\n\n<li><a href=\"https:\/\/www.crs.hr\/hr\/\">Hrvatski Registar Brodova<\/a><\/li>\n\n\n\n<li><a href=\"https:\/\/www.koncar-institut.hr\/hr\/\">Institut za elektrotehniku Kon\u010dar d.d.<\/a><\/li>\n\n\n\n<li><a href=\"https:\/\/iva-shipping.hr\/\">IVA Shipping Ltd.<\/a><\/li>\n\n\n\n<li><a href=\"https:\/\/www.jadrolinija.hr\/\">Jadrolinija d.o.o.<\/a><\/li>\n\n\n\n<li><a href=\"https:\/\/www.jadroplov.com\/hr\/\">Jadroplov d.d.<\/a><\/li>\n\n\n\n<li><a href=\"https:\/\/www.latja.lv\/en\/\">Latvian Maritime Academy, Riga, Latvija<\/a><\/li>\n\n\n\n<li><a href=\"https:\/\/mmpi.gov.hr\/more-86\/lucke-kapetanije-102\/split\/8309\">Lu\u010dka kapetanija Split<\/a><\/li>\n\n\n\n<li><a href=\"https:\/\/portsplit.hr\/\">Lu\u010dka uprava Split<\/a><\/li>\n\n\n\n<li><a href=\"https:\/\/portofsplit.com\/\">Luka Split d.d.<\/a><\/li>\n\n\n\n<li><a href=\"https:\/\/www.marina-kastela.hr\/\">Marina Ka\u0161tela d.o.o.<\/a><\/li>\n\n\n\n<li><a href=\"https:\/\/www.marina21.com\/\">Marina Trogir d.o.o.<\/a><\/li>\n\n\n\n<li><a href=\"https:\/\/www.am.szczecin.pl\/en\/\">Maritime University of Szczecin, Poljska<\/a><\/li>\n\n\n\n<li><a href=\"https:\/\/matadura.hr\/\">Matadura d.o.o.<\/a><\/li>\n\n\n\n<li><a href=\"https:\/\/recas.ru\/en\/\">Moscow State Academy of Water Transport, Rusija<\/a><\/li>\n\n\n\n<li><a href=\"http:\/\/www.komiza.hr\/nauticki-centar\/\">Nauti\u010dki centar Komi\u017ea d.o.o.<\/a><\/li>\n\n\n\n<li><a href=\"https:\/\/www.nyk.com\/english\/\">NYK Shipmanagement Pte. Ltd., Tokyo, Japan<\/a><\/li>\n\n\n\n<li><a href=\"https:\/\/pasat.hr\/\">Pasat d.o.o.<\/a><\/li>\n\n\n\n<li><a href=\"https:\/\/www.plovput.hr\/\">Plovput d.o.o.<\/a><\/li>\n\n\n\n<li><a href=\"https:\/\/www.amw.gdynia.pl\/index.php\/en\/\">Polish Naval Academy of the Heroes of Westerplatte, Gdynia, Poljska<\/a><\/li>\n\n\n\n<li><a href=\"https:\/\/www.pce.hr\/\">Pomorski centar za elektroniku d.o.o.<\/a><\/li>\n\n\n\n<li><a href=\"https:\/\/www.ucg.ac.me\/pfkotor\">Pomorski fakultet Kotor, Crna Gora<\/a><\/li>\n\n\n\n<li><a href=\"https:\/\/www.pfri.uniri.hr\/web\/hr\/index.php\">Pomorski fakultet Sveu\u010dili\u0161ta u Rijeci<\/a><\/li>\n\n\n\n<li><a href=\"https:\/\/www.unidu.hr\/pom\/\">Pomorski odjel Sveu\u010dili\u0161ta u Dubrovniku<\/a><\/li>\n\n\n\n<li><a href=\"https:\/\/socius.hr\/\">Socius Ltd.<\/a><\/li>\n\n\n\n<li><a href=\"https:\/\/www.pfst.unist.hr\/suradnja\">Sonata d.o.o.<\/a><\/li>\n\n\n\n<li><a href=\"https:\/\/www.dalmacija.hr\/\">\u017dupanija Splitsko-dalmatinska<\/a><\/li>\n<\/ul>\n<\/div>\n","protected":false},"excerpt":{"rendered":"<p>Pomorski fakultet u Splitu promovira razne oblike suradnje: uklju\u010divanja u me\u0111unarodne projekte, programe i asocijacije, a poseban naglasak se stavlja na me\u0111unarodnu mobilnost studenata, nastavnika, istra\u017eiva\u010da i osoblja kroz razne programe od kojih je najzna\u010dajniji Erasmus. Kroz program Erasmus ostvaruje sve bogatija razmjena studenata, tako da na\u0161i studenti imaju priliku vidjeti kako studiranje izgleda izvan [&hellip;]<\/p>\n","protected":false},"author":2,"featured_media":0,"parent":0,"menu_order":0,"comment_status":"closed","ping_status":"closed","template":"","meta":{"_acf_changed":false,"site-sidebar-layout":"default","site-content-layout":"","ast-site-content-layout":"default","site-content-style":"default","site-sidebar-style":"default","ast-global-header-display":"","ast-banner-title-visibility":"","ast-main-header-display":"","ast-hfb-above-header-display":"","ast-hfb-below-header-display":"","ast-hfb-mobile-header-display":"","site-post-title":"","ast-breadcrumbs-content":"","ast-featured-img":"","footer-sml-layout":"","theme-transparent-header-meta":"","adv-header-id-meta":"","stick-header-meta":"","header-above-stick-meta":"","header-main-stick-meta":"","header-below-stick-meta":"","astra-migrate-meta-layouts":"default","ast-page-background-enabled":"default","ast-page-background-meta":{"desktop":{"background-color":"var(--ast-global-color-4)","background-image":"","background-repeat":"repeat","background-position":"center center","background-size":"auto","background-attachment":"scroll","background-type":"","background-media":"","overlay-type":"","overlay-color":"","overlay-opacity":"","overlay-gradient":""},"tablet":{"background-color":"","background-image":"","background-repeat":"repeat","background-position":"center center","background-size":"auto","background-attachment":"scroll","background-type":"","background-media":"","overlay-type":"","overlay-color":"","overlay-opacity":"","overlay-gradient":""},"mobile":{"background-color":"","background-image":"","background-repeat":"repeat","background-position":"center center","background-size":"auto","background-attachment":"scroll","background-type":"","background-media":"","overlay-type":"","overlay-color":"","overlay-opacity":"","overlay-gradient":""}},"ast-content-background-meta":{"desktop":{"background-color":"var(--ast-global-color-5)","background-image":"","background-repeat":"repeat","background-position":"center center","background-size":"auto","background-attachment":"scroll","background-type":"","background-media":"","overlay-type":"","overlay-color":"","overlay-opacity":"","overlay-gradient":""},"tablet":{"background-color":"var(--ast-global-color-5)","background-image":"","background-repeat":"repeat","background-position":"center center","background-size":"auto","background-attachment":"scroll","background-type":"","background-media":"","overlay-type":"","overlay-color":"","overlay-opacity":"","overlay-gradient":""},"mobile":{"background-color":"var(--ast-global-color-5)","background-image":"","background-repeat":"repeat","background-position":"center center","background-size":"auto","background-attachment":"scroll","background-type":"","background-media":"","overlay-type":"","overlay-color":"","overlay-opacity":"","overlay-gradient":""}},"footnotes":""},"acf":[],"publishpress_future_action":{"enabled":false,"date":"2026-05-15 13:41:51","action":"change-status","newStatus":"draft","terms":[],"taxonomy":""},"publishpress_future_workflow_manual_trigger":{"enabledWorkflows":[]},"_links":{"self":[{"href":"https:\/\/cms.pfst.hr\/index.php\/wp-json\/wp\/v2\/pages\/2110"}],"collection":[{"href":"https:\/\/cms.pfst.hr\/index.php\/wp-json\/wp\/v2\/pages"}],"about":[{"href":"https:\/\/cms.pfst.hr\/index.php\/wp-json\/wp\/v2\/types\/page"}],"author":[{"embeddable":true,"href":"https:\/\/cms.pfst.hr\/index.php\/wp-json\/wp\/v2\/users\/2"}],"replies":[{"embeddable":true,"href":"https:\/\/cms.pfst.hr\/index.php\/wp-json\/wp\/v2\/comments?post=2110"}],"version-history":[{"count":2,"href":"https:\/\/cms.pfst.hr\/index.php\/wp-json\/wp\/v2\/pages\/2110\/revisions"}],"predecessor-version":[{"id":2114,"href":"https:\/\/cms.pfst.hr\/index.php\/wp-json\/wp\/v2\/pages\/2110\/revisions\/2114"}],"wp:attachment":[{"href":"https:\/\/cms.pfst.hr\/index.php\/wp-json\/wp\/v2\/media?parent=2110"}],"curies":[{"name":"wp","href":"https:\/\/api.w.org\/{rel}","templated":true}]}}