{"id":2115,"date":"2023-11-02T15:08:43","date_gmt":"2023-11-02T13:08:43","guid":{"rendered":"https:\/\/cms.pfst.hr\/?page_id=2115"},"modified":"2023-11-02T15:08:43","modified_gmt":"2023-11-02T13:08:43","slug":"edukacija-pomoraca","status":"publish","type":"page","link":"https:\/\/cms.pfst.hr\/index.php\/edukacija-pomoraca\/","title":{"rendered":"Edukacija pomoraca"},"content":{"rendered":"\n<p><strong>PFST Maritime Education &amp; Training Centre<\/strong>, kao organizacijska jedinica Pomorskog fakulteta u Splitu, obavlja poslove vezane uz izobrazbu pomoraca i programe cjelo\u017eivotnoga obrazovanja.<\/p>\n\n\n\n<p>Cilj TC-a je, sukladno suvremenim kretanjima u naobrazbi i izobrazbi pomoraca i zapo\u0161ljavanju pomorskih stru\u010dnjaka, osmi\u0161ljavati, organizirati i provoditi programe, komunicirati s brodarskim i drugim tvrtkama, te istra\u017eivati i unapre\u0111ivati programe izobrazbe i cjelo\u017eivotnoga obrazovanja pomoraca<\/p>\n\n\n\n<p>Programi izobrazbe:<\/p>\n\n\n\n<ul>\n<li>propisani Pravilnikom o zvanjima i svjedod\u017ebama o osposobljenosti pomoraca, kako je izmijenjen i dopunjen (NN br. 130\/13, 45\/14, 124\/15 i 72\/16);<\/li>\n\n\n\n<li>organizirani prema zahtjevima kompanija;<\/li>\n<\/ul>\n","protected":false},"excerpt":{"rendered":"<p>PFST Maritime Education &amp; Training Centre, kao organizacijska jedinica Pomorskog fakulteta u Splitu, obavlja poslove vezane uz izobrazbu pomoraca i programe cjelo\u017eivotnoga obrazovanja. Cilj TC-a je, sukladno suvremenim kretanjima u naobrazbi i izobrazbi pomoraca i zapo\u0161ljavanju pomorskih stru\u010dnjaka, osmi\u0161ljavati, organizirati i provoditi programe, komunicirati s brodarskim i drugim tvrtkama, te istra\u017eivati i unapre\u0111ivati programe izobrazbe [&hellip;]<\/p>\n","protected":false},"author":2,"featured_media":0,"parent":0,"menu_order":0,"comment_status":"closed","ping_status":"closed","template":"","meta":{"_acf_changed":false,"site-sidebar-layout":"default","site-content-layout":"","ast-site-content-layout":"default","site-content-style":"default","site-sidebar-style":"default","ast-global-header-display":"","ast-banner-title-visibility":"","ast-main-header-display":"","ast-hfb-above-header-display":"","ast-hfb-below-header-display":"","ast-hfb-mobile-header-display":"","site-post-title":"","ast-breadcrumbs-content":"","ast-featured-img":"","footer-sml-layout":"","theme-transparent-header-meta":"","adv-header-id-meta":"","stick-header-meta":"","header-above-stick-meta":"","header-main-stick-meta":"","header-below-stick-meta":"","astra-migrate-meta-layouts":"default","ast-page-background-enabled":"default","ast-page-background-meta":{"desktop":{"background-color":"var(--ast-global-color-4)","background-image":"","background-repeat":"repeat","background-position":"center center","background-size":"auto","background-attachment":"scroll","background-type":"","background-media":"","overlay-type":"","overlay-color":"","overlay-opacity":"","overlay-gradient":""},"tablet":{"background-color":"","background-image":"","background-repeat":"repeat","background-position":"center center","background-size":"auto","background-attachment":"scroll","background-type":"","background-media":"","overlay-type":"","overlay-color":"","overlay-opacity":"","overlay-gradient":""},"mobile":{"background-color":"","background-image":"","background-repeat":"repeat","background-position":"center center","background-size":"auto","background-attachment":"scroll","background-type":"","background-media":"","overlay-type":"","overlay-color":"","overlay-opacity":"","overlay-gradient":""}},"ast-content-background-meta":{"desktop":{"background-color":"var(--ast-global-color-5)","background-image":"","background-repeat":"repeat","background-position":"center center","background-size":"auto","background-attachment":"scroll","background-type":"","background-media":"","overlay-type":"","overlay-color":"","overlay-opacity":"","overlay-gradient":""},"tablet":{"background-color":"var(--ast-global-color-5)","background-image":"","background-repeat":"repeat","background-position":"center center","background-size":"auto","background-attachment":"scroll","background-type":"","background-media":"","overlay-type":"","overlay-color":"","overlay-opacity":"","overlay-gradient":""},"mobile":{"background-color":"var(--ast-global-color-5)","background-image":"","background-repeat":"repeat","background-position":"center center","background-size":"auto","background-attachment":"scroll","background-type":"","background-media":"","overlay-type":"","overlay-color":"","overlay-opacity":"","overlay-gradient":""}},"footnotes":""},"acf":[],"publishpress_future_action":{"enabled":false,"date":"2026-05-17 14:24:10","action":"change-status","newStatus":"draft","terms":[],"taxonomy":""},"publishpress_future_workflow_manual_trigger":{"enabledWorkflows":[]},"_links":{"self":[{"href":"https:\/\/cms.pfst.hr\/index.php\/wp-json\/wp\/v2\/pages\/2115"}],"collection":[{"href":"https:\/\/cms.pfst.hr\/index.php\/wp-json\/wp\/v2\/pages"}],"about":[{"href":"https:\/\/cms.pfst.hr\/index.php\/wp-json\/wp\/v2\/types\/page"}],"author":[{"embeddable":true,"href":"https:\/\/cms.pfst.hr\/index.php\/wp-json\/wp\/v2\/users\/2"}],"replies":[{"embeddable":true,"href":"https:\/\/cms.pfst.hr\/index.php\/wp-json\/wp\/v2\/comments?post=2115"}],"version-history":[{"count":1,"href":"https:\/\/cms.pfst.hr\/index.php\/wp-json\/wp\/v2\/pages\/2115\/revisions"}],"predecessor-version":[{"id":2118,"href":"https:\/\/cms.pfst.hr\/index.php\/wp-json\/wp\/v2\/pages\/2115\/revisions\/2118"}],"wp:attachment":[{"href":"https:\/\/cms.pfst.hr\/index.php\/wp-json\/wp\/v2\/media?parent=2115"}],"curies":[{"name":"wp","href":"https:\/\/api.w.org\/{rel}","templated":true}]}}