{"id":2140,"date":"2023-11-03T20:11:06","date_gmt":"2023-11-03T18:11:06","guid":{"rendered":"https:\/\/cms.pfst.hr\/?page_id=2140"},"modified":"2023-11-03T20:11:06","modified_gmt":"2023-11-03T18:11:06","slug":"e-learning","status":"publish","type":"page","link":"https:\/\/cms.pfst.hr\/index.php\/edukacija-pomoraca\/e-learning\/","title":{"rendered":"E-Learning"},"content":{"rendered":"\n<p>Pomorski fakultet u Splitu korisnik je platforme za u\u010denje na daljinu &#8220;Ocean Learning Platform&#8221; u svrhu unaprije\u0111enja kvalitete nastave i izobrazbe pomoraca.<\/p>\n\n\n\n<p>Na <a href=\"https:\/\/vimeo.com\/530632468\/d1650ff125\">ovom video-linku<\/a> mo\u017eete pogledati kratki pregled mogu\u0107nosti i funkcionalnosti navedene platforme. Tako\u0111er, detaljniji pregled mo\u017eete prona\u0107i u ovom PDF dokumentu:<\/p>\n\n\n\n<div class=\"wp-block-file\"><a id=\"wp-block-file--media-72702e94-aba3-48bc-bb9d-783e130bac04\" href=\"https:\/\/cms.pfst.hr\/wp-content\/uploads\/2023\/11\/Oceam-Learning-Platform.pdf\">Oceam Learning Platform<\/a><a href=\"https:\/\/cms.pfst.hr\/wp-content\/uploads\/2023\/11\/Oceam-Learning-Platform.pdf\" class=\"wp-block-file__button wp-element-button\" download aria-describedby=\"wp-block-file--media-72702e94-aba3-48bc-bb9d-783e130bac04\">Download<\/a><\/div>\n","protected":false},"excerpt":{"rendered":"<p>Pomorski fakultet u Splitu korisnik je platforme za u\u010denje na daljinu &#8220;Ocean Learning Platform&#8221; u svrhu unaprije\u0111enja kvalitete nastave i izobrazbe pomoraca. Na ovom video-linku mo\u017eete pogledati kratki pregled mogu\u0107nosti i funkcionalnosti navedene platforme. Tako\u0111er, detaljniji pregled mo\u017eete prona\u0107i u ovom PDF dokumentu:<\/p>\n","protected":false},"author":2,"featured_media":0,"parent":2115,"menu_order":0,"comment_status":"closed","ping_status":"closed","template":"","meta":{"_acf_changed":false,"site-sidebar-layout":"default","site-content-layout":"","ast-site-content-layout":"default","site-content-style":"default","site-sidebar-style":"default","ast-global-header-display":"","ast-banner-title-visibility":"","ast-main-header-display":"","ast-hfb-above-header-display":"","ast-hfb-below-header-display":"","ast-hfb-mobile-header-display":"","site-post-title":"","ast-breadcrumbs-content":"","ast-featured-img":"","footer-sml-layout":"","theme-transparent-header-meta":"","adv-header-id-meta":"","stick-header-meta":"","header-above-stick-meta":"","header-main-stick-meta":"","header-below-stick-meta":"","astra-migrate-meta-layouts":"default","ast-page-background-enabled":"default","ast-page-background-meta":{"desktop":{"background-color":"var(--ast-global-color-4)","background-image":"","background-repeat":"repeat","background-position":"center center","background-size":"auto","background-attachment":"scroll","background-type":"","background-media":"","overlay-type":"","overlay-color":"","overlay-opacity":"","overlay-gradient":""},"tablet":{"background-color":"","background-image":"","background-repeat":"repeat","background-position":"center center","background-size":"auto","background-attachment":"scroll","background-type":"","background-media":"","overlay-type":"","overlay-color":"","overlay-opacity":"","overlay-gradient":""},"mobile":{"background-color":"","background-image":"","background-repeat":"repeat","background-position":"center center","background-size":"auto","background-attachment":"scroll","background-type":"","background-media":"","overlay-type":"","overlay-color":"","overlay-opacity":"","overlay-gradient":""}},"ast-content-background-meta":{"desktop":{"background-color":"var(--ast-global-color-5)","background-image":"","background-repeat":"repeat","background-position":"center center","background-size":"auto","background-attachment":"scroll","background-type":"","background-media":"","overlay-type":"","overlay-color":"","overlay-opacity":"","overlay-gradient":""},"tablet":{"background-color":"var(--ast-global-color-5)","background-image":"","background-repeat":"repeat","background-position":"center center","background-size":"auto","background-attachment":"scroll","background-type":"","background-media":"","overlay-type":"","overlay-color":"","overlay-opacity":"","overlay-gradient":""},"mobile":{"background-color":"var(--ast-global-color-5)","background-image":"","background-repeat":"repeat","background-position":"center center","background-size":"auto","background-attachment":"scroll","background-type":"","background-media":"","overlay-type":"","overlay-color":"","overlay-opacity":"","overlay-gradient":""}},"footnotes":""},"acf":[],"publishpress_future_action":{"enabled":false,"date":"2026-05-17 14:35:51","action":"change-status","newStatus":"draft","terms":[],"taxonomy":""},"publishpress_future_workflow_manual_trigger":{"enabledWorkflows":[]},"_links":{"self":[{"href":"https:\/\/cms.pfst.hr\/index.php\/wp-json\/wp\/v2\/pages\/2140"}],"collection":[{"href":"https:\/\/cms.pfst.hr\/index.php\/wp-json\/wp\/v2\/pages"}],"about":[{"href":"https:\/\/cms.pfst.hr\/index.php\/wp-json\/wp\/v2\/types\/page"}],"author":[{"embeddable":true,"href":"https:\/\/cms.pfst.hr\/index.php\/wp-json\/wp\/v2\/users\/2"}],"replies":[{"embeddable":true,"href":"https:\/\/cms.pfst.hr\/index.php\/wp-json\/wp\/v2\/comments?post=2140"}],"version-history":[{"count":1,"href":"https:\/\/cms.pfst.hr\/index.php\/wp-json\/wp\/v2\/pages\/2140\/revisions"}],"predecessor-version":[{"id":2143,"href":"https:\/\/cms.pfst.hr\/index.php\/wp-json\/wp\/v2\/pages\/2140\/revisions\/2143"}],"up":[{"embeddable":true,"href":"https:\/\/cms.pfst.hr\/index.php\/wp-json\/wp\/v2\/pages\/2115"}],"wp:attachment":[{"href":"https:\/\/cms.pfst.hr\/index.php\/wp-json\/wp\/v2\/media?parent=2140"}],"curies":[{"name":"wp","href":"https:\/\/api.w.org\/{rel}","templated":true}]}}